{"id":40,"date":"2025-09-28T09:34:40","date_gmt":"2025-09-28T09:34:40","guid":{"rendered":"https:\/\/yilmazanahtar.com.tr\/technologies\/"},"modified":"2025-09-30T12:56:34","modified_gmt":"2025-09-30T12:56:34","slug":"technologies","status":"publish","type":"page","link":"https:\/\/yilmazanahtar.com.tr\/?page_id=40","title":{"rendered":"Hizmetlerimiz"},"content":{"rendered":"\n\n\nHizmetlerimiz\n\n\n\n\n<p style=\"font-family: lato; font-size: 14px; letter-spacing: 1px; line-height: 1.1; text-align: center;\"><br><\/p>\n\n\n<p><span style=\"font-family:Arial;\">\u00c7ilingir hizmeti, kilitli kalma, anahtar\u0131n\u0131 kaybetme gibi durumlarda kap\u0131lar\u0131n, pencerelerin, kasalar\u0131n ve ara\u00e7lar\u0131n kilitlerini a\u00e7an, onaran, ayarlar\u0131n\u0131 yapan ve yeni kilitler takan bir hizmettir. <\/span><\/p>\n<p><span style=\"font-family:Arial;\">G\u00fcvenlik sistemleri konusunda da destek veren \u00e7ilingirler, acil durumlarda 7\/24 hizmet verebilir ve farkl\u0131 b\u00f6lgelerde \u00e7e\u015fitli fiyat aral\u0131klar\u0131nda hizmet sunulur. <\/span><\/p>\n<p><span style=\"font-family:Arial;\"><strong>Ev \u00c7ilingir Hizmetinin Kapsam\u0131\n<\/strong><\/span><\/p>\n<p><span style=\"font-family:Arial;\"><strong>Kilit A\u00e7ma ve Onar\u0131m:<\/strong> Kap\u0131lar\u0131 a\u00e7ma, kilit bozukluklar\u0131n\u0131 giderme ve kilitleri onarma i\u015flemleri ger\u00e7ekle\u015ftirilir. <\/span><\/p>\n<p><span style=\"font-family:Arial;\"><strong>\nAnahtar Kopyalama:<\/strong> Mevcut anahtarlar\u0131n kopyalanmas\u0131 hizmeti sunulur. \nG\u00fcvenlik Sistemleri: Kilitlerle ilgili g\u00fcvenlik sistemleri hakk\u0131nda dan\u0131\u015fmanl\u0131k ve destek verilir. <\/span><\/p>\n\n\n\n\n<p style=\"font-family: lato; font-size: 14px; letter-spacing: 1px; line-height: 1.1; text-align: center;\"><br><\/p>\n\n\n<p><br>Oto \u00e7ilingir hizmeti; anahtar\u0131 ara\u00e7 i\u00e7inde unutulan, kaybedilen veya \u00e7al\u0131nan ara\u00e7lar\u0131n kap\u0131lar\u0131n\u0131 profesyonel ekipmanlarla a\u00e7mak ve ara\u00e7 sahibinin ma\u011fduriyetini gidermek i\u00e7in sunulan bir hizmettir. <\/p>\n<p>Bu hizmet, genellikle 7\/24 hizmet veren mobil ekipler taraf\u0131ndan sa\u011flan\u0131r ve arac\u0131n servise \u00e7ekilmesine gerek kalmadan sorunun yerinde \u00e7\u00f6z\u00fclmesini sa\u011flar. <\/p>\n<p><strong>\nHizmetin Kapsam\u0131\n<\/strong><\/p>\n<p><strong>Ara\u00e7 Kap\u0131s\u0131n\u0131 A\u00e7ma: <\/strong>Anahtar\u0131n ara\u00e7 i\u00e7inde unutulmas\u0131, kaybolmas\u0131 veya \u00e7al\u0131nmas\u0131 gibi durumlarda, profesyonel \u00e7ilingirler \u00f6zel ekipmanlarla kap\u0131lar\u0131 zarar vermeden a\u00e7ar. <\/p>\n<p><strong>\nAnahtar Onar\u0131m\u0131 ve De\u011fi\u015fimi: <\/strong>Anahtar\u0131n k\u0131r\u0131lmas\u0131 veya kilit mekanizmas\u0131n\u0131n bozulmas\u0131 durumunda da oto \u00e7ilingir hizmeti al\u0131nabilir. <\/p>\n<p><strong>\nAcil Durum Yard\u0131m\u0131:<\/strong> Oto \u00e7ilingirler, donmu\u015f kap\u0131lar veya ar\u0131zal\u0131 kilitler gibi acil durumlarda da destek sa\u011flar. <\/p>\n\n\n","protected":false},"excerpt":{"rendered":"","protected":false},"author":1,"featured_media":0,"parent":0,"menu_order":0,"comment_status":"closed","ping_status":"closed","template":"","meta":{"pagelayer_contact_templates":[],"_pagelayer_content":"","footnotes":""},"class_list":["post-40","page","type-page","status-publish","hentry"],"_links":{"self":[{"href":"https:\/\/yilmazanahtar.com.tr\/index.php?rest_route=\/wp\/v2\/pages\/40","targetHints":{"allow":["GET"]}}],"collection":[{"href":"https:\/\/yilmazanahtar.com.tr\/index.php?rest_route=\/wp\/v2\/pages"}],"about":[{"href":"https:\/\/yilmazanahtar.com.tr\/index.php?rest_route=\/wp\/v2\/types\/page"}],"author":[{"embeddable":true,"href":"https:\/\/yilmazanahtar.com.tr\/index.php?rest_route=\/wp\/v2\/users\/1"}],"replies":[{"embeddable":true,"href":"https:\/\/yilmazanahtar.com.tr\/index.php?rest_route=%2Fwp%2Fv2%2Fcomments&post=40"}],"version-history":[{"count":4,"href":"https:\/\/yilmazanahtar.com.tr\/index.php?rest_route=\/wp\/v2\/pages\/40\/revisions"}],"predecessor-version":[{"id":130,"href":"https:\/\/yilmazanahtar.com.tr\/index.php?rest_route=\/wp\/v2\/pages\/40\/revisions\/130"}],"wp:attachment":[{"href":"https:\/\/yilmazanahtar.com.tr\/index.php?rest_route=%2Fwp%2Fv2%2Fmedia&parent=40"}],"curies":[{"name":"wp","href":"https:\/\/api.w.org\/{rel}","templated":true}]}}