{"id":38,"date":"2025-09-28T09:34:40","date_gmt":"2025-09-28T09:34:40","guid":{"rendered":"https:\/\/yilmazanahtar.com.tr\/home\/"},"modified":"2025-09-29T07:25:20","modified_gmt":"2025-09-29T07:25:20","slug":"home","status":"publish","type":"page","link":"https:\/\/yilmazanahtar.com.tr\/","title":{"rendered":"Anasayfa"},"content":{"rendered":"\n\n\n\n\n\n\n\n\n\n\n\u00c7ilingir Hizmeti\n<p><span style=\"color: rgb(255, 255, 255);font-size:16px;font-family:lato;letter-spacing:1px;\">7 g\u00fcn 24 Saat ev, i\u015fyeri ve otomobilleriniz i\u00e7in \u00e7ilingir hizmetleri sunmaktay\u0131z. Ayr\u0131ca teknik servis ve sat\u0131\u015f hizmetleri vermekteyiz. Hemen ileti\u015fime ge\u00e7ebilirsiniz.<\/span><\/p>\n\n\n\n\n\n\n\n\n\n\n\n\n\n\n\n\n\n\n\n\n\n\n\n\n\n\n\n\n\n\n\n\n\n\nAnahtar Hizmetinde Neden Y\u0131lmaz Anahtar&#8217;\u0131 Se\u00e7melisiniz?\n<p><font size=\"3\"><span style=\"color: rgb(255, 255, 255);font-family:lato;letter-spacing:1px;\">Rize\u2019de anahtar hizmeti aray\u0131\u015f\u0131nda olanlar i\u00e7in Y\u0131lmaz Anahtar, kalitesi ve g\u00fcvenilirli\u011fi ile \u00f6ne \u00e7\u0131k\u0131yor. Bireylere, i\u015fletmelere ve kurumsal yap\u0131lar\u0131n anahtar ihtiya\u00e7lar\u0131n\u0131 kar\u015f\u0131lamak amac\u0131yla sunulan hizmetler, profesyonel bir ekip taraf\u0131ndan uygulanmaktad\u0131r.<\/span><\/font><\/p>\n\n\n\n\n\n\n\n\n\n\n\n\n\n\n\n","protected":false},"excerpt":{"rendered":"","protected":false},"author":1,"featured_media":0,"parent":0,"menu_order":0,"comment_status":"closed","ping_status":"closed","template":"","meta":{"pagelayer_contact_templates":[],"_pagelayer_content":"","footnotes":""},"class_list":["post-38","page","type-page","status-publish","hentry"],"_links":{"self":[{"href":"https:\/\/yilmazanahtar.com.tr\/index.php?rest_route=\/wp\/v2\/pages\/38","targetHints":{"allow":["GET"]}}],"collection":[{"href":"https:\/\/yilmazanahtar.com.tr\/index.php?rest_route=\/wp\/v2\/pages"}],"about":[{"href":"https:\/\/yilmazanahtar.com.tr\/index.php?rest_route=\/wp\/v2\/types\/page"}],"author":[{"embeddable":true,"href":"https:\/\/yilmazanahtar.com.tr\/index.php?rest_route=\/wp\/v2\/users\/1"}],"replies":[{"embeddable":true,"href":"https:\/\/yilmazanahtar.com.tr\/index.php?rest_route=%2Fwp%2Fv2%2Fcomments&post=38"}],"version-history":[{"count":8,"href":"https:\/\/yilmazanahtar.com.tr\/index.php?rest_route=\/wp\/v2\/pages\/38\/revisions"}],"predecessor-version":[{"id":128,"href":"https:\/\/yilmazanahtar.com.tr\/index.php?rest_route=\/wp\/v2\/pages\/38\/revisions\/128"}],"wp:attachment":[{"href":"https:\/\/yilmazanahtar.com.tr\/index.php?rest_route=%2Fwp%2Fv2%2Fmedia&parent=38"}],"curies":[{"name":"wp","href":"https:\/\/api.w.org\/{rel}","templated":true}]}}